{"id":16183,"date":"2022-02-08T07:50:10","date_gmt":"2022-02-08T06:50:10","guid":{"rendered":"https:\/\/triflow.pl\/staging?page_id=16183"},"modified":"2025-06-18T08:33:43","modified_gmt":"2025-06-18T06:33:43","slug":"datenschutzbestimmungen","status":"publish","type":"page","link":"https:\/\/triflow.pl\/de\/datenschutzbestimmungen\/","title":{"rendered":"Datenschutzbestimmungen"},"content":{"rendered":"\n\n\n\n    <section class=\"regulamin mt-50\">\n\n        <div class=\"container container_fluid\">\n                \n                <div class=\"row\">\n                    <div class=\"col-md-3\">\n                        <div class=\"position-sticky\">\n                            \n                                <a class=\"reg_link d-block font600 button_stats\" href=\"#reg_1\">Verarbeitung von personenbezogenen Daten<\/a>\n\n                                                    <\/div>\n                    <\/div>\n\n                    <div class=\"col-md-9\">\n                        \n                            <div class=\"single_reg mb-50\">\n                                <h2 id=\"reg_1\" class=\"font600 mt-0\">Verarbeitung von personenbezogenen Daten<\/h2>\n                                <div class=\"dark_grey-color font-roboto\"><p><b>Informationen \u00fcber die Verarbeitung von personenbezogenen Daten   <\/b><b>von Triflow sp. z o. o.  <\/b><\/p>\n<p>&nbsp;<\/p>\n<p><span style=\"font-weight: 400;\">Auf der Grundlage der so genannten  <\/span><b>RODO<\/b><span style=\"font-weight: 400;\">d.h. der Verordnung (EU) 2016\/679 des Europ\u00e4ischen Parlaments und des Rates vom 27.04.2016 zum Schutz nat\u00fcrlicher Personen bei der Verarbeitung personenbezogener Daten, zum freien Datenverkehr und zur Aufhebung der Richtlinie 95\/46\/EG, geben wir Ihnen im Folgenden Informationen \u00fcber die Verarbeitung von Daten von Personen, die per E-Mail, Fax oder Telefon mit Triflow in Kontakt treten. <\/span><\/p>\n<p>&nbsp;<\/p>\n<ol>\n<li style=\"font-weight: 400;\" aria-level=\"1\"><span style=\"font-weight: 400;\">Der Verwalter Ihrer pers\u00f6nlichen Daten ist Triflow sp. z o. o. mit Sitz in Katowice, Adresse: ul. Porcelanowa 23, 40-246 Katowice, Tel. 507 308 503, E-Mail: hello@triflow.pl (hier als: &#8220;     <\/span><b>Triflow<\/b><span style=\"font-weight: 400;\">&#8222;).<\/span><\/li>\n<li style=\"font-weight: 400;\" aria-level=\"1\"><span style=\"font-weight: 400;\">Wenn Sie uns zum Zwecke des Abschlusses eines Vertrags oder im Zusammenhang mit einem Vertrag zwischen uns kontaktieren, verarbeiten wir Ihre personenbezogenen Daten zum Zwecke des Abschlusses und der ordnungsgem\u00e4\u00dfen Erf\u00fcllung dieses Vertrags auf der Grundlage von Artikel 6 Absatz 1 Buchstabe b der DSGVO.  <\/span><\/li>\n<li style=\"font-weight: 400;\" aria-level=\"1\"><span style=\"font-weight: 400;\">Wenn Sie mit uns Kontakt aufnehmen, um einen Vertrag zwischen uns und dem von Ihnen vertretenen Unternehmen (im Folgenden: &#8222;<\/span><b>unser Kunde<\/b><span style=\"font-weight: 400;\">\u201e) oder im Zusammenhang mit einem bereits geschlossenen Vertrag zwischen uns und unserem Kunden verarbeiten wir personenbezogene Daten zum Zwecke des Abschlusses und der Erf\u00fcllung dieses Vertrages auf der Grundlage von Artikel 6 Absatz 1 Buchstabe f der DSGVO (diese Grundlage wird im Folgenden als\u201c  <\/span><b>unser berechtigtes Interesse<\/b><span style=\"font-weight: 400;\">&#8222;). Unser berechtigtes Interesse besteht in diesem Fall darin, sicherzustellen, dass Gespr\u00e4che \u00fcber eine k\u00fcnftige Zusammenarbeit gef\u00fchrt und Vertr\u00e4ge, an denen wir beteiligt sind, ordnungsgem\u00e4\u00df ausgef\u00fchrt werden k\u00f6nnen. <\/span><\/li>\n<li style=\"font-weight: 400;\" aria-level=\"1\"><span style=\"font-weight: 400;\">Wenn Sie sich in anderen Angelegenheiten an uns wenden, werden Ihre personenbezogenen Daten zum Zweck der Erf\u00fcllung Ihrer Anfrage auf der Grundlage unseres berechtigten Interesses verarbeitet, das in diesem Fall darin besteht, den Kunden\/Auftragnehmern und potenziellen Kunden\/Auftragnehmern die h\u00f6chsten Dienstleistungsstandards zu gew\u00e4hrleisten, einschlie\u00dflich der M\u00f6glichkeit f\u00fcr die benannten Personen, Informationen \u00fcber unser Angebot zu erhalten.<\/span><\/li>\n<li style=\"font-weight: 400;\" aria-level=\"1\"><span style=\"font-weight: 400;\">Sie haben das Recht auf Zugang, Berichtigung und L\u00f6schung Ihrer personenbezogenen Daten sowie das Recht, die Einschr\u00e4nkung der Verarbeitung zu verlangen. Wenn Sie unser Kunde sind, haben Sie auch das Recht auf Daten\u00fcbertragbarkeit. <\/span><\/li>\n<li style=\"font-weight: 400;\" aria-level=\"1\"><span style=\"font-weight: 400;\">Sie haben auch das Recht, aus Gr\u00fcnden, die sich aus Ihrer besonderen Situation ergeben, gegen die von uns zur Wahrung unserer berechtigten Interessen vorgenommene Verarbeitung Widerspruch einzulegen.<\/span><\/li>\n<li style=\"font-weight: 400;\" aria-level=\"1\"><span style=\"font-weight: 400;\">Empf\u00e4nger Ihrer personenbezogenen Daten k\u00f6nnen Stellen sein, an die wir nach geltendem Recht zur Daten\u00fcbermittlung verpflichtet sind (einschlie\u00dflich der f\u00fcr uns zust\u00e4ndigen Steuerbeh\u00f6rden), Stellen, die f\u00fcr uns IT-, Buchhaltungs-, Kurier- oder Postdienste erbringen, sowie Beratungsdienste.<\/span><\/li>\n<li style=\"font-weight: 400;\" aria-level=\"1\"><span style=\"font-weight: 400;\">Die personenbezogenen Daten werden f\u00fcr einen bestimmten Zeitraum gespeichert:<\/span>\n<ol>\n<li style=\"font-weight: 400;\" aria-level=\"2\"><span style=\"font-weight: 400;\">wenn die Kontaktaufnahme ohne jeglichen Zusammenhang mit dem Abschluss oder der Abwicklung des Vertrages erfolgt ist, f\u00fcr einen Zeitraum von 6 Monaten nach der Kontaktaufnahme mit uns;<\/span><\/li>\n<li style=\"font-weight: 400;\" aria-level=\"2\"><span style=\"font-weight: 400;\">wenn die Kontaktaufnahme im Zusammenhang mit einem geschlossenen oder abgeschlossenen Vertrag erfolgt, bis zum Ablauf der Verj\u00e4hrungsfrist f\u00fcr Anspr\u00fcche von Ihnen oder unserem Kunden gegen uns.<\/span><\/li>\n<\/ol>\n<\/li>\n<li style=\"font-weight: 400;\" aria-level=\"1\"><span style=\"font-weight: 400;\">Die Angabe von Daten ist freiwillig, kann aber zur Bearbeitung Ihrer Bewerbung erforderlich sein.<\/span><\/li>\n<li style=\"font-weight: 400;\" aria-level=\"1\"><span style=\"font-weight: 400;\">Wenn Sie der Meinung sind, dass die Verarbeitung Ihrer personenbezogenen Daten nicht mit den Bestimmungen der RODO \u00fcbereinstimmt, k\u00f6nnen Sie eine Beschwerde beim Pr\u00e4sidenten der Datenschutzbeh\u00f6rde einreichen.<\/span><\/li>\n<li style=\"font-weight: 400;\" aria-level=\"1\"><span style=\"font-weight: 400;\">Im Zuge der Verarbeitung Ihrer personenbezogenen Daten findet keine automatisierte Entscheidungsfindung, einschlie\u00dflich Profiling, statt.<\/span><\/li>\n<li style=\"font-weight: 400;\" aria-level=\"1\"><span style=\"font-weight: 400;\">Ihre Daten werden nicht au\u00dferhalb des Europ\u00e4ischen Wirtschaftsraums oder an internationale Organisationen \u00fcbermittelt.  <\/span><\/li>\n<\/ol>\n<p>&nbsp;<\/p>\n<\/div>\n                            <\/div>\n\n                        \n                    <\/div>\n\n\n                <\/div>\n\n                \n                    \n                \n        <\/div>\n        \n    <\/section>\n\n","protected":false},"excerpt":{"rendered":"","protected":false},"author":1,"featured_media":0,"parent":0,"menu_order":14,"comment_status":"closed","ping_status":"closed","template":"","meta":{"_acf_changed":false,"inline_featured_image":false,"footnotes":""},"class_list":["post-16183","page","type-page","status-publish","hentry"],"acf":[],"_links":{"self":[{"href":"https:\/\/triflow.pl\/de\/wp-json\/wp\/v2\/pages\/16183","targetHints":{"allow":["GET"]}}],"collection":[{"href":"https:\/\/triflow.pl\/de\/wp-json\/wp\/v2\/pages"}],"about":[{"href":"https:\/\/triflow.pl\/de\/wp-json\/wp\/v2\/types\/page"}],"author":[{"embeddable":true,"href":"https:\/\/triflow.pl\/de\/wp-json\/wp\/v2\/users\/1"}],"replies":[{"embeddable":true,"href":"https:\/\/triflow.pl\/de\/wp-json\/wp\/v2\/comments?post=16183"}],"version-history":[{"count":1,"href":"https:\/\/triflow.pl\/de\/wp-json\/wp\/v2\/pages\/16183\/revisions"}],"predecessor-version":[{"id":16184,"href":"https:\/\/triflow.pl\/de\/wp-json\/wp\/v2\/pages\/16183\/revisions\/16184"}],"wp:attachment":[{"href":"https:\/\/triflow.pl\/de\/wp-json\/wp\/v2\/media?parent=16183"}],"curies":[{"name":"wp","href":"https:\/\/api.w.org\/{rel}","templated":true}]}}