{"id":16178,"date":"2022-02-03T14:08:00","date_gmt":"2022-02-03T13:08:00","guid":{"rendered":"https:\/\/triflow.pl\/staging?page_id=16178"},"modified":"2025-06-29T11:29:50","modified_gmt":"2025-06-29T09:29:50","slug":"wissensbasis","status":"publish","type":"page","link":"https:\/\/triflow.pl\/de\/wissensbasis\/","title":{"rendered":"Wissensbasis"},"content":{"rendered":"\n\n\n\n\n\n<section class=\"newsletter_box mt-150 main-b-color py-50\">\n    <img decoding=\"async\" class=\"hide-md-small\" src=\"https:\/\/triflow.pl\/wp-content\/themes\/triflow\/img\/triflow_spacer_orange.svg\" alt=\"do\u0142\u0105cz do nas\">\n    <div class=\"container container_fluid\">\n                <h1 class=\"mt-0 hide-md-big\">Auf dem Laufenden bleiben<\/h1>\n        <div class=\"row align-items-center\">\n            <div class=\"col-md-5 order-2 order-md-1 mt-4 mt-md-0\">\n                <h1 class=\"mt-0 hide-md-small\">Auf dem Laufenden bleiben<\/h1>\n                <form class=\"inputs simple_form\" class=\"\" data-type=\"newsletter\" method=\"POST\">\n        <div class=\"row\">\n                <div class=\"col-12 col-md-12 mb-30 font09 field_container\">\n                    <label>\n                        <div class=\"label_text dark_grey-color font08 mb-1\">E-mail<\/div>\n                        <input placeholder=\"Ihre E-Mail eingeben\" type=\"email\" name=\"email\"   requireds=\"true\" >\n                        <div class=\"error_message\"> Geben Sie Ihre E-Mail ein<\/div>\n                    <\/label>\n                <\/div>\n                <div class=\"col-12 mb-30 font09 field_container\">\n                    <div class=\"pretty_terms_newsletter\"><\/div>\n                    <fieldset class=\"fieldset_pretty\" to=\"pretty_terms_newsletter\">\n                        <div class=\"d-flex\">\n                            <input type=\"checkbox\" id=\"message\" name=\"message\" value=\"1\" >\n                            <label for=\"message\"><p>Ich bin damit einverstanden, dass ich \u00fcber die von mir angegebene E-Mail-Adresse kontaktiert werde und Angebote und Marketinginformationen \u00fcber die Dienstleistungen von Triflow erhalte. Ich bin \u00fcber die Verarbeitung meiner personenbezogenen Daten in der Datenschutzerkl\u00e4rung informiert worden.<\/p>\n<\/label>\n                        <\/div>\n                    <\/fieldset>\n                    <div class=\"error_message\">Zustimmung erteilen<\/div>\n                <\/div><\/div>\n    <input type=\"text\" value=\"newsletter\" name=\"form_type\" hidden>\n    <input class=\"trigger_send\" type=\"submit\" value=\"Wy\u015blij\" hidden>\n    <div class=\"btn-first d-table black message_sending\">Anfrage senden<\/div>\n    <a type=\"submit\" href=\"#\" class=\"btn-first d-table black submit_form ml-auto mr-auto ml-md-0\">Anfrage senden<\/a>\n    <\/form>            <\/div>\n            <div class=\"col-md-5 offset-md-1 beauty_ul h2ul order-1 order-md-2\">\n                <ul>\n                    \n                        <li><h2 class=\"font600 font2 mb-10 mt-10 line12\">Informieren Sie sich vor allen anderen \u00fcber die neuesten Zeitschriften<h2><\/li> \n\n\n                    \n                        <li><h2 class=\"font600 font2 mb-10 mt-10 line12\">Erhalten Sie kostenlose Artikel und Ratschl\u00e4ge<h2><\/li> \n\n\n                    \n                        <li><h2 class=\"font600 font2 mb-10 mt-10 line12\">Profitieren Sie von dem Wissen unserer Experten<h2><\/li> \n\n\n                                    <\/ul>\n            <\/div>\n        <\/div>\n<\/section>\n\n\n\n\r\n\r\n\n<section class=\"uslugi_main_page2 mt-100 position-relative\">\n    <div class=\"container container_fluid\">\n                <h1 class=\"mb-50 mt-50\">Entdecken Sie unsere Dienstleistungen<\/h1>\n    <\/div>\n<\/section>\n\n<section class=\"uslugi_main_page2 position-relative\">\n    <div class=\"uslugi_back_shadow light-b-color\"><\/div>\n\n    <div class=\"container container_fluid\">\n        <div class=\"uslugi_main_page2_container position-relative\"> \n        \n\n\n            \n            <div \n                data-csl=\"custom_slider_nav_back_s\" \n                data-center=\"false\" \n                data-nav=\"false\" \n                data-loop=\"false\" \n                data-dots=\"false\" \n                data-margin=\"30\" \n                data-items=\"[1,2,4]\" \n                data-autoplay=\"false\" \n                data-stagepadding=\"[30,100,0]\"  \n                class=\"owl-carousel owl-theme equalslider\">\n\n\n            <!-- <div class=\"row\"> -->\n                                    <div class=\"\">\n                        \n\n<div href=\"https:\/\/triflow.pl\/de\/dienstleistungen\/lagerhaeuser\/\" class=\"d-block uslugi_single\" data-storage-id=\"16063\">\n    <div class=\"position-relative b-image-100\">\n        <div class=\"b-cover magazyny_single_image b-center\" style=\"background-image: url(https:\/\/triflow.pl\/wp-content\/uploads\/2022\/02\/AdobeStock_327608879-1200x800.jpeg)\"><\/div>\n    <\/div>\n    <div class=\"hover_single_details_container main-b-color pt-0\">\n\n        <div  class=\"uslugi_single_details\">\n            \n            <div class=\"uslugi_single_details_title_part\">\n                <div class=\"row mt-15 mb-15 align-items-center\">\n                    <div class=\"col-auto\">\n                        <div class=\"\">Lagerh\u00e4user<\/div>\n                    <\/div>\n                    <div class=\"col-auto ml-auto\">\n                        <img decoding=\"async\" src=\"https:\/\/triflow.pl\/wp-content\/themes\/triflow\/img\/ArrowRightGo.svg\">\n                    <\/div>\n                <\/div>\n                \n            <\/div>\n        <\/div>\n\n        <div class=\"hover_show_more\">\n            <div class=\"row align-items-center\">\n                <div class=\"col-auto\">\n                    <a class=\"btn-first black d-table pt-10 pb-10\" href=\"https:\/\/triflow.pl\/de\/dienstleistungen\/lagerhaeuser\/\">Mehr sehen<\/a>\n                <\/div>\n            <\/div>\n        <\/div>\n        \n    <\/div>\n\n<\/div>                    <\/div>\n\n                                    <div class=\"\">\n                        \n\n<div href=\"https:\/\/triflow.pl\/de\/dienstleistungen\/beratung\/\" class=\"d-block uslugi_single\" data-storage-id=\"16625\">\n    <div class=\"position-relative b-image-100\">\n        <div class=\"b-cover magazyny_single_image b-center\" style=\"background-image: url(https:\/\/triflow.pl\/wp-content\/uploads\/2022\/02\/AdobeStock_77054564-1200x800.jpeg)\"><\/div>\n    <\/div>\n    <div class=\"hover_single_details_container main-b-color pt-0\">\n\n        <div  class=\"uslugi_single_details\">\n            \n            <div class=\"uslugi_single_details_title_part\">\n                <div class=\"row mt-15 mb-15 align-items-center\">\n                    <div class=\"col-auto\">\n                        <div class=\"\">Beratung<\/div>\n                    <\/div>\n                    <div class=\"col-auto ml-auto\">\n                        <img decoding=\"async\" src=\"https:\/\/triflow.pl\/wp-content\/themes\/triflow\/img\/ArrowRightGo.svg\">\n                    <\/div>\n                <\/div>\n                \n            <\/div>\n        <\/div>\n\n        <div class=\"hover_show_more\">\n            <div class=\"row align-items-center\">\n                <div class=\"col-auto\">\n                    <a class=\"btn-first black d-table pt-10 pb-10\" href=\"https:\/\/triflow.pl\/de\/dienstleistungen\/beratung\/\">Mehr sehen<\/a>\n                <\/div>\n            <\/div>\n        <\/div>\n        \n    <\/div>\n\n<\/div>                    <\/div>\n\n                                    <div class=\"\">\n                        \n\n<div href=\"https:\/\/triflow.pl\/de\/dienstleistungen\/triscope\/\" class=\"d-block uslugi_single\" data-storage-id=\"16592\">\n    <div class=\"position-relative b-image-100\">\n        <div class=\"b-cover magazyny_single_image b-center\" style=\"background-image: url(https:\/\/triflow.pl\/wp-content\/uploads\/2022\/02\/MG_0368_-1200x800.jpg)\"><\/div>\n    <\/div>\n    <div class=\"hover_single_details_container main-b-color pt-0\">\n\n        <div  class=\"uslugi_single_details\">\n            \n            <div class=\"uslugi_single_details_title_part\">\n                <div class=\"row mt-15 mb-15 align-items-center\">\n                    <div class=\"col-auto\">\n                        <div class=\"\">Triscope<\/div>\n                    <\/div>\n                    <div class=\"col-auto ml-auto\">\n                        <img decoding=\"async\" src=\"https:\/\/triflow.pl\/wp-content\/themes\/triflow\/img\/ArrowRightGo.svg\">\n                    <\/div>\n                <\/div>\n                \n            <\/div>\n        <\/div>\n\n        <div class=\"hover_show_more\">\n            <div class=\"row align-items-center\">\n                <div class=\"col-auto\">\n                    <a class=\"btn-first black d-table pt-10 pb-10\" href=\"https:\/\/triflow.pl\/de\/dienstleistungen\/triscope\/\">Mehr sehen<\/a>\n                <\/div>\n            <\/div>\n        <\/div>\n        \n    <\/div>\n\n<\/div>                    <\/div>\n\n                                    <div class=\"\">\n                        \n\n<div href=\"https:\/\/triflow.pl\/de\/dienstleistungen\/grundstuecke\/\" class=\"d-block uslugi_single\" data-storage-id=\"16648\">\n    <div class=\"position-relative b-image-100\">\n        <div class=\"b-cover magazyny_single_image b-center\" style=\"background-image: url(https:\/\/triflow.pl\/wp-content\/uploads\/2022\/02\/AdobeStock_212993952-1200x800.jpeg)\"><\/div>\n    <\/div>\n    <div class=\"hover_single_details_container main-b-color pt-0\">\n\n        <div  class=\"uslugi_single_details\">\n            \n            <div class=\"uslugi_single_details_title_part\">\n                <div class=\"row mt-15 mb-15 align-items-center\">\n                    <div class=\"col-auto\">\n                        <div class=\"\">Grundst\u00fccke<\/div>\n                    <\/div>\n                    <div class=\"col-auto ml-auto\">\n                        <img decoding=\"async\" src=\"https:\/\/triflow.pl\/wp-content\/themes\/triflow\/img\/ArrowRightGo.svg\">\n                    <\/div>\n                <\/div>\n                \n            <\/div>\n        <\/div>\n\n        <div class=\"hover_show_more\">\n            <div class=\"row align-items-center\">\n                <div class=\"col-auto\">\n                    <a class=\"btn-first black d-table pt-10 pb-10\" href=\"https:\/\/triflow.pl\/de\/dienstleistungen\/grundstuecke\/\">Mehr sehen<\/a>\n                <\/div>\n            <\/div>\n        <\/div>\n        \n    <\/div>\n\n<\/div>                    <\/div>\n\n                \n            <\/div>\n        <\/div>\n    <\/div>\n<\/section>\n\r\n\r\n\n<section class=\"you_can_count_on_us mt-100 position-relative main-b-color\">\n    <img decoding=\"async\" class=\"hide-md-big\" src=\"https:\/\/triflow.pl\/wp-content\/uploads\/2024\/09\/Bez-nazwy-\u2013-kopia-1200x800.jpg\" alt=\"Sie k\u00f6nnen sich auf uns verlassen\">\n\n    <div class=\"container-fluid h100 position-md-absolute hide-md-small\">\n                <div class=\"row h100\">\n            <div class=\"col-md-6\">\n            <\/div>\n            <div class=\"col-md-6 b-cover b-center\" style=\"background-image: url(https:\/\/triflow.pl\/wp-content\/uploads\/2024\/09\/Bez-nazwy-\u2013-kopia-1200x800.jpg)\">\n            <\/div>\n        <\/div>\n    <\/div>\n\n    <div class=\"container container_fluid\">\n        <div class=\"row\">\n            <div class=\"col-md-8 col-lg-6 mt-50 mb-50\">\n                <div class=\"row\">\n                    <div class=\"col-xl-8\">\n                        <div class=\"font2\">Sie k\u00f6nnen sich auf uns verlassen<\/div>\n                        <div class=\"gold-color\"><p>Kontaktieren Sie uns jetzt &#8211;<strong> Miko\u0142aj\u00a0und Magda<\/strong> von Triflow sind f\u00fcr Sie da.<\/p>\n<\/div>\n                        <a href=\"https:\/\/triflow.pl\/de\/kontakt\" class=\"btn-first black d-table my-20 ml-auto mr-auto ml-md-0\">\n                            Vereinbaren Sie einen Termin f\u00fcr ein Beratungsgespr\u00e4ch                        <\/a>\n                        <div class=\"gold-color text-xs-center\">oder rufen Sie an<\/div>\n                        <span class=\"font3 text-xs-center d-block\" href=\"+48 888 700 733\">\n                        +48 <span class=\"bold\">888 700 733<\/span>\n                        <\/span>\n                        \n                    <\/div>\n                <\/div>\n                \n            <\/div>\n        <\/div>       \n    <\/div>\n    <img decoding=\"async\" class=\"triflow_spacer hide-small\" src=\"https:\/\/triflow.pl\/wp-content\/themes\/triflow\/img\/triflow_spacer.svg\" alt=\"Triflow\">\n<\/section>","protected":false},"excerpt":{"rendered":"","protected":false},"author":1,"featured_media":0,"parent":0,"menu_order":30,"comment_status":"closed","ping_status":"closed","template":"layouts\/baza_wiedzy.php","meta":{"_acf_changed":false,"inline_featured_image":false,"footnotes":""},"class_list":["post-16178","page","type-page","status-publish","hentry"],"acf":[],"_links":{"self":[{"href":"https:\/\/triflow.pl\/de\/wp-json\/wp\/v2\/pages\/16178","targetHints":{"allow":["GET"]}}],"collection":[{"href":"https:\/\/triflow.pl\/de\/wp-json\/wp\/v2\/pages"}],"about":[{"href":"https:\/\/triflow.pl\/de\/wp-json\/wp\/v2\/types\/page"}],"author":[{"embeddable":true,"href":"https:\/\/triflow.pl\/de\/wp-json\/wp\/v2\/users\/1"}],"replies":[{"embeddable":true,"href":"https:\/\/triflow.pl\/de\/wp-json\/wp\/v2\/comments?post=16178"}],"version-history":[{"count":3,"href":"https:\/\/triflow.pl\/de\/wp-json\/wp\/v2\/pages\/16178\/revisions"}],"predecessor-version":[{"id":16709,"href":"https:\/\/triflow.pl\/de\/wp-json\/wp\/v2\/pages\/16178\/revisions\/16709"}],"wp:attachment":[{"href":"https:\/\/triflow.pl\/de\/wp-json\/wp\/v2\/media?parent=16178"}],"curies":[{"name":"wp","href":"https:\/\/api.w.org\/{rel}","templated":true}]}}