{"id":16152,"date":"2022-02-03T14:08:09","date_gmt":"2022-02-03T13:08:09","guid":{"rendered":"https:\/\/triflow.pl\/staging?page_id=16152"},"modified":"2025-06-30T15:24:42","modified_gmt":"2025-06-30T13:24:42","slug":"kontakt","status":"publish","type":"page","link":"https:\/\/triflow.pl\/de\/kontakt\/","title":{"rendered":"Kontakt"},"content":{"rendered":"\n\n\n\n\n<section id=\"contact_form\" class=\"contact_map_box main-b-color  py-100 mt-50 position-relative\">\n   \n    <div class=\"container container_fluid\">\n        \n        <div class=\"row align-items-center\">\n            <div class=\"col-md-12\"><h1 class=\"mb-30 mt-0\">Schreiben Sie eine Nachricht<\/h1><\/div>\n        <\/div>\n\n\n        <div class=\"row\">\n            <div class=\"col-md-5 gold-color\">\n                <p>Ben\u00f6tigen Sie Hilfe bei der Suche nach dem richtigen Lagerhaus oder Grundst\u00fcck? Wir versorgen Sie mit wichtigen Informationen, beantworten Ihre Fragen und gehen auf Ihre Bed\u00fcrfnisse ein.<\/p>\n\n                <div class=\"map_left_box pt-100 pb-100 paragraph-0\">\n                                            \n                                <div class=\"mb-20 dark_grey-color d-flex\">\n                                    <div class=\"\">\n                                        <img decoding=\"async\" class=\"contact_icon mr-20\" src=\"https:\/\/triflow.pl\/wp-content\/uploads\/2022\/02\/phone_icon_black.svg\" alt=\"contact icon\">\n                                    <\/div>\n                                    <div class=\"\">\n                                        <a href=\"tel:+48 888 700 733\">+48 888 700 733<\/a>                                    <\/div>\n                                <\/div>\n\n                        \n                                <div class=\"mb-20 dark_grey-color d-flex\">\n                                    <div class=\"\">\n                                        <img decoding=\"async\" class=\"contact_icon mr-20\" src=\"https:\/\/triflow.pl\/wp-content\/uploads\/2022\/02\/Envelope_black.svg\" alt=\"contact icon\">\n                                    <\/div>\n                                    <div class=\"\">\n                                        <a href=\"mailto:hello@triflow.pl\">hello@triflow.pl<\/a>                                    <\/div>\n                                <\/div>\n\n                                                            <\/div>\n        \n\n\n            <\/div>\n\n            <div class=\"col-md-5 offset-md-2\">\n                <form class=\"inputs simple_form\" class=\"\" data-type=\"simple\" method=\"POST\">\n        <div class=\"row\">\n                <div class=\"col-12 col-md-6 mb-30 font09 field_container\">\n                    <label>\n                        <div class=\"label_text dark_grey-color font08 mb-1\">Vorname<\/div>\n                        <input placeholder=\"Nennen Sie Ihren Vorname\" type=\"text\" name=\"imie\"   requireds=\"true\" >\n                        <div class=\"error_message\">Geben Sie Ihren Namen ein<\/div>\n                    <\/label>\n                <\/div>\n                <div class=\"col-12 col-md-6 mb-30 font09 field_container\">\n                    <label>\n                        <div class=\"label_text dark_grey-color font08 mb-1\">Nachname<\/div>\n                        <input placeholder=\"Nennen Sie Ihren Nachname\" type=\"text\" name=\"nazwisko\"   requireds=\"true\" >\n                        <div class=\"error_message\">Nennen Sie Ihren Namen<\/div>\n                    <\/label>\n                <\/div>\n                <div class=\"col-12 col-md-6 mb-30 font09 field_container\">\n                    <label>\n                        <div class=\"label_text dark_grey-color font08 mb-1\">E-mail<\/div>\n                        <input placeholder=\"Ihre E-Mail eingeben\" type=\"email\" name=\"email\"   requireds=\"true\" >\n                        <div class=\"error_message\"> Geben Sie Ihre E-Mail ein<\/div>\n                    <\/label>\n                <\/div>\n                <div class=\"col-12 col-md-6 mb-30 font09 field_container\">\n                    <label>\n                        <div class=\"label_text dark_grey-color font08 mb-1\">Telefon-Nummer<\/div>\n                        <input placeholder=\"Rufnummer eingeben\" type=\"tel\" name=\"phone\"   requireds=\"true\" >\n                        <div class=\"error_message\">Rufnummer eingeben<\/div>\n                    <\/label>\n                <\/div>\n                <div class=\"col-12 mb-30 font09 field_container\">\n                    <label>\n                        <div class=\"label_text dark_grey-color font08 mb-1\">Nachricht (optional)<\/div>\n                        <textarea placeholder=\"Nachricht\" name=\"message\"  ><\/textarea>\n                        <div class=\"error_message\"><\/div>\n                    <\/label>\n                <\/div>\n                <div class=\"col-12 mb-30 font09 field_container\">\n                    <div class=\"pretty_terms_simple\"><\/div>\n                    <fieldset class=\"fieldset_pretty\" to=\"pretty_terms_simple\">\n                        <div class=\"d-flex\">\n                            <input type=\"checkbox\" id=\"polityka\" name=\"polityka\" value=\"1\" >\n                            <label for=\"polityka\"><p>Ich bin damit einverstanden, dass ich \u00fcber die von mir angegebene E-Mail-Adresse kontaktiert werde und Angebote und Marketinginformationen \u00fcber die Dienstleistungen von Triflow erhalte. Ich bin \u00fcber die Verarbeitung meiner personenbezogenen Daten in der Datenschutzerkl\u00e4rung informiert worden.<\/p>\n<\/label>\n                        <\/div>\n                    <\/fieldset>\n                    <div class=\"error_message\">Zustimmung erteilen<\/div>\n                <\/div><\/div>\n    <input type=\"text\" value=\"simple\" name=\"form_type\" hidden>\n    <input class=\"trigger_send\" type=\"submit\" value=\"Wy\u015blij\" hidden>\n    <div class=\"btn-first d-table black message_sending\">Anfrage senden<\/div>\n    <a type=\"submit\" href=\"#\" class=\"btn-first d-table black submit_form ml-auto mr-auto ml-md-0\">Anfrage senden<\/a>\n    <\/form>            <\/div>\n        <\/div> \n    <\/div>\n<\/section>\n\n\n\n\n\n<section class=\"contact_map_box black-b-color  mt-md-5 position-relative\">\n   \n    <div class=\"container container_fluid\">\n        \n\n\n        <div class=\"row\">\n            <div class=\"col-md-4\">\n\n                <div class=\"map_left_box pt-100 pb-100 paragraph-0\">\n                                            \n                                <div class=\"mb-20 white-color d-flex\">\n                                    <div class=\"\">\n                                        <img decoding=\"async\" class=\"contact_icon mr-20\" src=\"https:\/\/triflow.pl\/wp-content\/uploads\/2022\/02\/u_location-point-1.svg\" alt=\"contact icon\">\n                                    <\/div>\n                                    <div class=\"white-color\">\n                                        <p>Triflow sp. z o.o.<br \/>\nul. Porcelanowa 23<br \/>\n40-246 Katowice<br \/>\nPolen  <\/p>\n                                    <\/div>\n                                <\/div>\n\n                        \n                                <div class=\"mb-20 white-color d-flex\">\n                                    <div class=\"\">\n                                        <img decoding=\"async\" class=\"contact_icon mr-20\" src=\"https:\/\/triflow.pl\/wp-content\/uploads\/2022\/02\/phone_icon.svg\" alt=\"contact icon\">\n                                    <\/div>\n                                    <div class=\"white-color\">\n                                        <p>+48 888 700 733<\/p>\n                                    <\/div>\n                                <\/div>\n\n                        \n                                <div class=\"mb-20 white-color d-flex\">\n                                    <div class=\"\">\n                                        <img decoding=\"async\" class=\"contact_icon mr-20\" src=\"https:\/\/triflow.pl\/wp-content\/uploads\/2022\/02\/Envelope-1.svg\" alt=\"contact icon\">\n                                    <\/div>\n                                    <div class=\"white-color\">\n                                        <p>hello@triflow.com<\/p>\n                                    <\/div>\n                                <\/div>\n\n                        \n                                <div class=\"mb-20 white-color d-flex\">\n                                    <div class=\"\">\n                                        <img decoding=\"async\" class=\"contact_icon mr-20\" src=\"https:\/\/triflow.pl\/wp-content\/uploads\/2022\/02\/u_file-shield-alt.svg\" alt=\"contact icon\">\n                                    <\/div>\n                                    <div class=\"white-color\">\n                                        <p>NIP 954-282-48-19<br \/>\nREGON 388469360<br \/>\nKRS 0000889595<br \/>\nBezirksgericht Katowice Wsch\u00f3d in Katowice, 8.<br \/>\nGrundkapital 6.000 PLN<\/p>\n                                    <\/div>\n                                <\/div>\n\n                                                            <\/div>\n            <\/div>\n\n            <div class=\"col-md-8 pr-md-0 contact_map_container\">\n                <div class=\"w100 h100 single_map map_full  mxm-15\" \n                    icon=\"https:\/\/triflow.pl\/wp-content\/themes\/triflow\/img\/marker_black.png\" \n                    title=\"Kontakt\" \n                    styles=\"https:\/\/triflow.pl\/wp-content\/themes\/triflow\/theme\/js\/single_map_style.json\" \n                    long=\"19.060400\" \n                    lat=\"50.252990\">\n\n                <\/div>\n            <\/div>\n        <\/div> \n    <\/div>\n<\/section>\n\n<script src=\"https:\/\/maps.googleapis.com\/maps\/api\/js?key=AIzaSyB3SdiCv_Lj56kgCYnPYjI4DXmOF1crgBk\"><\/script>","protected":false},"excerpt":{"rendered":"","protected":false},"author":1,"featured_media":0,"parent":0,"menu_order":37,"comment_status":"closed","ping_status":"closed","template":"layouts\/kontakt.php","meta":{"_acf_changed":false,"inline_featured_image":false,"footnotes":""},"class_list":["post-16152","page","type-page","status-publish","hentry"],"acf":[],"_links":{"self":[{"href":"https:\/\/triflow.pl\/de\/wp-json\/wp\/v2\/pages\/16152","targetHints":{"allow":["GET"]}}],"collection":[{"href":"https:\/\/triflow.pl\/de\/wp-json\/wp\/v2\/pages"}],"about":[{"href":"https:\/\/triflow.pl\/de\/wp-json\/wp\/v2\/types\/page"}],"author":[{"embeddable":true,"href":"https:\/\/triflow.pl\/de\/wp-json\/wp\/v2\/users\/1"}],"replies":[{"embeddable":true,"href":"https:\/\/triflow.pl\/de\/wp-json\/wp\/v2\/comments?post=16152"}],"version-history":[{"count":5,"href":"https:\/\/triflow.pl\/de\/wp-json\/wp\/v2\/pages\/16152\/revisions"}],"predecessor-version":[{"id":16716,"href":"https:\/\/triflow.pl\/de\/wp-json\/wp\/v2\/pages\/16152\/revisions\/16716"}],"wp:attachment":[{"href":"https:\/\/triflow.pl\/de\/wp-json\/wp\/v2\/media?parent=16152"}],"curies":[{"name":"wp","href":"https:\/\/api.w.org\/{rel}","templated":true}]}}